{"id":566,"date":"2018-01-12T12:02:37","date_gmt":"2018-01-12T12:02:37","guid":{"rendered":"http:\/\/victorthemes.com\/themes\/unova\/?page_id=566"},"modified":"2022-11-10T18:00:03","modified_gmt":"2022-11-10T18:00:03","slug":"inicio","status":"publish","type":"page","link":"https:\/\/dits.tech\/","title":{"rendered":"Inicio"},"content":{"rendered":"<p>[vc_row full_width=&#8221;stretch_row_content_no_spaces&#8221; overlay_dotted=&#8221;&#8221;][vc_column]<section class=\"swiper-container swiper-style-four fadeslides keyboard unva-windowheight unova-slider-69e499c4b49c1 \" data-autoplay=\"true\"><div class=\"swiper-wrapper\"><div class=\"swiper-slide \" style=\"background-image: url(https:\/\/dits.tech\/wp-content\/uploads\/2018\/10\/mision.jpg);\">\n                    <div class=\"unva-slide-cpation cpation-center\">\n                      <div class=\"unva-table-wrap\">\n                        <div class=\"unva-align-wrap\">\n                          <div class=\"container\">\n                            <div class=\"cpation-wrap\">\n                              <p class=\"animated\" data-animation=\"fadeInDown\">Nuestra misi\u00f3n<\/p><h2 class=\"cpation-title animated\" data-animation=\"fadeInDown\">Ofrecemos soluciones disruptivas para el proceso de transformaci\u00f3n digital de las organizaciones.<\/h2>\n                              <div class=\"unva-btn-group animated\" data-animation=\"fadeInDown\">\n                                \n                              <\/div>\n                            <\/div>\n                          <\/div>\n                        <\/div>\n                      <\/div>\n                    <\/div>\n                  <\/div><div class=\"swiper-slide \" style=\"background-image: url(https:\/\/dits.tech\/wp-content\/uploads\/2018\/10\/vision1.jpg);\">\n                    <div class=\"unva-slide-cpation cpation-center\">\n                      <div class=\"unva-table-wrap\">\n                        <div class=\"unva-align-wrap\">\n                          <div class=\"container\">\n                            <div class=\"cpation-wrap\">\n                              <p class=\"animated\" data-animation=\"fadeInDown\">Nuestra Visi\u00f3n<\/p><h2 class=\"cpation-title animated\" data-animation=\"fadeInDown\">Ser una empresa global reconocida por su innovaci\u00f3n, profesionalismo y valor humano.<\/h2>\n                              <div class=\"unva-btn-group animated\" data-animation=\"fadeInDown\">\n                                \n                              <\/div>\n                            <\/div>\n                          <\/div>\n                        <\/div>\n                      <\/div>\n                    <\/div>\n                  <\/div><div class=\"swiper-slide \" style=\"background-image: url(https:\/\/dits.tech\/wp-content\/uploads\/2018\/10\/valores.jpg);\">\n                    <div class=\"unva-slide-cpation cpation-center\">\n                      <div class=\"unva-table-wrap\">\n                        <div class=\"unva-align-wrap\">\n                          <div class=\"container\">\n                            <div class=\"cpation-wrap\">\n                              <p class=\"animated\" data-animation=\"fadeInDown\">Nuestros valores<\/p><h2 class=\"cpation-title animated\" data-animation=\"fadeInDown\">Confianza, colaboraci\u00f3n, integridad, compromiso, lealtad, pasi\u00f3n, resiliencia e innovaci\u00f3n<\/h2>\n                              <div class=\"unva-btn-group animated\" data-animation=\"fadeInDown\">\n                                \n                              <\/div>\n                            <\/div>\n                          <\/div>\n                        <\/div>\n                      <\/div>\n                    <\/div>\n                  <\/div><\/div><div class=\"swiper-button-prev\"><\/div><div class=\"swiper-button-next\"><\/div><div class=\"unva-parallax-arrow\"><a href=\"#scroll\"><i class=\"fa fa-angle-down\" aria-hidden=\"true\"><\/i><\/a><\/div><\/section>[\/vc_column][\/vc_row][vc_row overlay_dotted=&#8221;&#8221; css=&#8221;.vc_custom_1516186205956{padding-top: 10% !important;padding-bottom: 70px !important;}&#8221; el_id=&#8221;scroll&#8221;][vc_column]<div class=\"section-title-wrap unva-stitle-69e499c4b54fb cpation-center \"><h2 class=\"section-title\">Transformaci\u00f3n Digital<\/h2><p>Analizamos de manera integral las tareas, actividades y procesos de gesti\u00f3n de los bienes y servicios de nuestros clientes y creamos soluciones tecnol\u00f3gicas que favorezcan la eficacia y la eficiencia de la organizaci\u00f3n.<\/p><\/div>[vc_row_inner][vc_column_inner width=&#8221;1\/5&#8243; offset=&#8221;vc_col-lg-3 vc_col-md-3&#8243;]<div class=\"offer-item unva-item unva-offer-69e499c4b553b \">\n                <div class=\"unva-icon\">\n                  <div class=\"unva-table-wrap\">\n                    <div class=\"unva-align-wrap\"><span class=\"fa fa-briefcase\"><\/span><\/div>\n                  <\/div>\n                <\/div>\n                <div class=\"offer-info\"><h4 class=\"offer-title\"><a href=\"#0\" target=\"_self\">Clientes<\/a><\/h4><p>\u00bfHacia qui\u00e9n est\u00e1n orientados los productos o servicios que ofrece la organizaci\u00f3n?<\/p>\n<\/div>\n              <\/div>[\/vc_column_inner][vc_column_inner width=&#8221;1\/5&#8243; offset=&#8221;vc_col-lg-3 vc_col-md-3&#8243;]<div class=\"offer-item unva-item unva-offer-69e499c4b5587 \">\n                <div class=\"unva-icon\">\n                  <div class=\"unva-table-wrap\">\n                    <div class=\"unva-align-wrap\"><span class=\"fa fa-shopping-cart\"><\/span><\/div>\n                  <\/div>\n                <\/div>\n                <div class=\"offer-info\"><h4 class=\"offer-title\"><a href=\"#0\" target=\"_self\">Oferta<\/a><\/h4><p>\u00bfCu\u00e1les son los productos o servicios que ofrece la organizaci\u00f3n?<\/p>\n<\/div>\n              <\/div>[\/vc_column_inner][vc_column_inner width=&#8221;1\/5&#8243; offset=&#8221;vc_col-lg-3 vc_col-md-3&#8243;]<div class=\"offer-item unva-item unva-offer-69e499c4b55b2 \">\n                <div class=\"unva-icon\">\n                  <div class=\"unva-table-wrap\">\n                    <div class=\"unva-align-wrap\"><span class=\"fa fa-user\"><\/span><\/div>\n                  <\/div>\n                <\/div>\n                <div class=\"offer-info\"><h4 class=\"offer-title\"><a href=\"#0\" target=\"_self\">Personas<\/a><\/h4><p>\u00bfQui\u00e9nes colaboran con la organizaci\u00f3n para lograr sus objetivos estrat\u00e9gicos?<\/p>\n<\/div>\n              <\/div>[\/vc_column_inner][vc_column_inner width=&#8221;1\/5&#8243; offset=&#8221;vc_col-lg-3 vc_col-md-3&#8243;]<div class=\"offer-item unva-item unva-offer-69e499c4b55d7 \">\n                <div class=\"unva-icon\">\n                  <div class=\"unva-table-wrap\">\n                    <div class=\"unva-align-wrap\"><span class=\"fa fa-cogs\"><\/span><\/div>\n                  <\/div>\n                <\/div>\n                <div class=\"offer-info\"><h4 class=\"offer-title\"><a href=\"#0\" target=\"_self\">Procesos<\/a><\/h4><p>\u00bfQu\u00e9 procesos ocupa la organizaci\u00f3n para lograr sus objetivos estrat\u00e9gicos?<\/p>\n<\/div>\n              <\/div>[\/vc_column_inner][vc_column_inner width=&#8221;1\/5&#8243;]<div class=\"offer-item unva-item unva-offer-69e499c4b55f7 \">\n                <div class=\"unva-icon\">\n                  <div class=\"unva-table-wrap\">\n                    <div class=\"unva-align-wrap\"><span class=\"fa fa-file-o\"><\/span><\/div>\n                  <\/div>\n                <\/div>\n                <div class=\"offer-info\"><h4 class=\"offer-title\"><a href=\"#0\" target=\"_self\">Informaci\u00f3n<\/a><\/h4><p>\u00bfQu\u00e9 tipo de informaci\u00f3n genera, gestiona, almacena y ofrece la organizaci\u00f3n?<\/p>\n<\/div>\n              <\/div>[\/vc_column_inner][\/vc_row_inner][\/vc_column][\/vc_row]<\/p>\n<p>[vc_row][vc_column]<div class=\"section-title-wrap unva-stitle-69e499c4b561b cpation-center \"><h2 class=\"section-title\">L\u00edneas de Negocio<\/h2><p>Ponemos a tu alcance nuestros servicios<\/p><\/div>[vc_tta_tabs][vc_tta_section title=&#8221;Desarrollo de software&#8221; tab_id=&#8221;1668100573529-4d850098-6f34&#8243;][vc_row_inner][vc_column_inner width=&#8221;1\/2&#8243;][vc_column_text css_animation=&#8221;fadeInDown&#8221; css=&#8221;.vc_custom_1538430793243{margin-bottom: 0px !important;}&#8221;]<\/p>\n<h3 class=\"difference-title\">Desarrollo de Software<\/h3>\n<p>Trabajamos con la f\u00e1brica de software de Grupo Blue Ocean, la cual cuenta con certificaciones que permiten entregar software con calidad, en el tiempo planeado y cumpliendo con el alcance esperado por el cliente:[\/vc_column_text]<div class=\"row\"><div class=\"col-lg-6\"><ul class=\"check-list  unva-list-69e499c4b5641\"><li>CMMI-DEV-5<\/li><li>SCRUM<\/li><li>PSP-TSP<\/li><\/ul><\/div><div class=\"col-lg-6\"><ul class=\"check-list  unva-list-69e499c4b5641\"><li>PMI<\/li><li>ISTQB<\/li><\/ul><\/div><\/div>[\/vc_column_inner][vc_column_inner width=&#8221;1\/2&#8243;]<div class=\"unva-image \"><img src=\"https:\/\/dits.tech\/wp-content\/uploads\/2018\/09\/binaryCode01.jpg\" alt=\"\"><\/div>[\/vc_column_inner][\/vc_row_inner][\/vc_tta_section][vc_tta_section title=&#8221;Plataformas Especializadas&#8221; tab_id=&#8221;1668100573529-a046e9f4-9b7a&#8221;][vc_row_inner][vc_column_inner width=&#8221;1\/2&#8243;][vc_column_text css_animation=&#8221;fadeInDown&#8221; css=&#8221;.vc_custom_1668102144717{margin-bottom: 0px !important;}&#8221;]<\/p>\n<h3>Plataformas tecnol\u00f3gicas especializadas por sector<\/h3>\n<p>Nos aliamos estrat\u00e9gicamente con organizaciones l\u00edderes del sector industrial al que pertenecen para desarrollar plataformas integrales de gesti\u00f3n, orientadas a resolver la problem\u00e1tica m\u00e1s importante del mismo.[\/vc_column_text][\/vc_column_inner][vc_column_inner width=&#8221;1\/2&#8243;][vc_single_image image=&#8221;1540&#8243; img_size=&#8221;full&#8221;][\/vc_column_inner][\/vc_row_inner][\/vc_tta_section][vc_tta_section title=&#8221;Proyectos de TIC&#8217;s&#8221; tab_id=&#8221;1668102308367-65f19075-be43&#8243;][vc_row_inner][vc_column_inner width=&#8221;1\/2&#8243;][vc_column_text css_animation=&#8221;fadeInDown&#8221; css=&#8221;.vc_custom_1668102467798{margin-bottom: 0px !important;}&#8221;]<\/p>\n<h3 class=\"difference-title\">Proyectos de Integraci\u00f3n TIC<\/h3>\n<p>Consultor\u00eda e implementaci\u00f3n especializada para la transformaci\u00f3n digital de las organizaciones.<\/p>\n<p>[\/vc_column_text]<div class=\"row\"><div class=\"col-lg-6\"><ul class=\"check-list  unva-list-69e499c4b59f7\"><li>CMMI-DEV-5<\/li><li>SCRUM<\/li><li>PSP-TSP<\/li><\/ul><\/div><div class=\"col-lg-6\"><ul class=\"check-list  unva-list-69e499c4b59f7\"><li>PMI<\/li><li>ISTQB<\/li><\/ul><\/div><\/div>[\/vc_column_inner][vc_column_inner width=&#8221;1\/2&#8243;][vc_single_image image=&#8221;36&#8243; img_size=&#8221;full&#8221;][\/vc_column_inner][\/vc_row_inner][\/vc_tta_section][vc_tta_section title=&#8221;Servicios Administrados&#8221; tab_id=&#8221;1668100742857-7b2a8b84-f77c&#8221;][vc_row_inner][vc_column_inner width=&#8221;1\/2&#8243;][vc_column_text css_animation=&#8221;fadeInDown&#8221; css=&#8221;.vc_custom_1668102574717{margin-bottom: 0px !important;}&#8221;]<\/p>\n<h3 class=\"difference-title\">Servicios administrados<\/h3>\n<p>Con nuestros servicios administrados de infraestructura de TI, nuestros clientes reducen sus costos de soporte e incrementan la eficiencia de su infraestructura, permitiendo a sus recursos humanos enfocarse en iniciativas estrat\u00e9gicas de negocio y de innovaci\u00f3n.<\/p>\n<p>GESTI\u00d3N DE INFRAESTRUCTURA DE TIC<\/p>\n<ul>\n<li>Operaci\u00f3n de Centros de Datos<\/li>\n<li>Servicios de Redes y Telecomunicaciones<\/li>\n<li>Soporte de Bases de Datos<\/li>\n<\/ul>\n<p>MESA DE SERVICIO BASADA EN ITIL<\/p>\n<ul>\n<li>Consultor\u00eda en Implementaci\u00f3n de Service Desk<\/li>\n<li>Gesti\u00f3n de Service Desk<\/li>\n<\/ul>\n<p>ADMINISTRACI\u00d3N PROFESIONAL DE PROYECTOS (PMI)[\/vc_column_text][\/vc_column_inner][vc_column_inner width=&#8221;1\/2&#8243;][vc_single_image image=&#8221;40&#8243; img_size=&#8221;full&#8221;][\/vc_column_inner][\/vc_row_inner][\/vc_tta_section][\/vc_tta_tabs][\/vc_column][\/vc_row][vc_row full_width=&#8221;stretch_row&#8221; overlay_dotted=&#8221;&#8221; css=&#8221;.vc_custom_1539875403550{background-color: #e8c135 !important;}&#8221;][vc_column text_alignment=&#8221;text-center&#8221;]<div class=\"section-title-wrap unva-stitle-69e499c4b5a0e cpation-center \"><h2 class=\"section-title\">Aliados Estrat\u00e9gicos<\/h2><p>Trabajamos en conjunto con organizaciones globales para ofrecer soluciones integrales.<\/p><\/div>[vc_images_carousel images=&#8221;1642,1643,1644,1645,1646,1647,1648,1649,1650&#8243; img_size=&#8221;full&#8221; onclick=&#8221;custom_link&#8221; custom_links_target=&#8221;_blank&#8221; speed=&#8221;2000&#8243; slides_per_view=&#8221;4&#8243; autoplay=&#8221;yes&#8221; hide_pagination_control=&#8221;yes&#8221; wrap=&#8221;yes&#8221;][\/vc_column][\/vc_row]<\/p>\n","protected":false},"excerpt":{"rendered":"[vc_row full_width=&#8221;stretch_row_content_no_spaces&#8221; overlay_dotted=&#8221;&#8221;][vc_column][\/vc_column][\/vc_row][vc_row overlay_dotted=&#8221;&#8221; css=&#8221;.vc_custom_1516186205956{padding-top: 10% !important;padding-bottom: 70px !important;}&#8221; el_id=&#8221;scroll&#8221;][vc_column][vc_row_inner][vc_column_inner width=&#8221;1\/5&#8243; offset=&#8221;vc_col-lg-3 vc_col-md-3&#8243;][\/vc_column_inner][vc_column_inner width=&#8221;1\/5&#8243; offset=&#8221;vc_col-lg-3 vc_col-md-3&#8243;][\/vc_column_inner][vc_column_inner width=&#8221;1\/5&#8243; offset=&#8221;vc_col-lg-3 vc_col-md-3&#8243;][\/vc_column_inner][vc_column_inner width=&#8221;1\/5&#8243; offset=&#8221;vc_col-lg-3 vc_col-md-3&#8243;][\/vc_column_inner][vc_column_inner width=&#8221;1\/5&#8243;][\/vc_column_inner][\/vc_row_inner][\/vc_column][\/vc_row] [vc_row][vc_column][vc_tta_tabs][vc_tta_section title=&#8221;Desarrollo de software&#8221; tab_id=&#8221;1668100573529-4d850098-6f34&#8243;][vc_row_inner][vc_column_inner width=&#8221;1\/2&#8243;][vc_column_text css_animation=&#8221;fadeInDown&#8221; css=&#8221;.vc_custom_1538430793243{margin-bottom: 0px !important;}&#8221;] Desarrollo de Software Trabajamos con la f\u00e1brica de software de Grupo Blue Ocean, la cual cuenta con certificaciones que permiten entregar software[&#8230;]","protected":false},"author":1,"featured_media":0,"parent":0,"menu_order":0,"comment_status":"closed","ping_status":"closed","template":"","meta":[],"_links":{"self":[{"href":"https:\/\/dits.tech\/index.php\/wp-json\/wp\/v2\/pages\/566"}],"collection":[{"href":"https:\/\/dits.tech\/index.php\/wp-json\/wp\/v2\/pages"}],"about":[{"href":"https:\/\/dits.tech\/index.php\/wp-json\/wp\/v2\/types\/page"}],"author":[{"embeddable":true,"href":"https:\/\/dits.tech\/index.php\/wp-json\/wp\/v2\/users\/1"}],"replies":[{"embeddable":true,"href":"https:\/\/dits.tech\/index.php\/wp-json\/wp\/v2\/comments?post=566"}],"version-history":[{"count":110,"href":"https:\/\/dits.tech\/index.php\/wp-json\/wp\/v2\/pages\/566\/revisions"}],"predecessor-version":[{"id":1764,"href":"https:\/\/dits.tech\/index.php\/wp-json\/wp\/v2\/pages\/566\/revisions\/1764"}],"wp:attachment":[{"href":"https:\/\/dits.tech\/index.php\/wp-json\/wp\/v2\/media?parent=566"}],"curies":[{"name":"wp","href":"https:\/\/api.w.org\/{rel}","templated":true}]}}