{"id":777,"date":"2018-01-17T06:24:47","date_gmt":"2018-01-17T06:24:47","guid":{"rendered":"http:\/\/victorthemes.com\/themes\/unova\/?page_id=777"},"modified":"2018-10-19T13:03:32","modified_gmt":"2018-10-19T13:03:32","slug":"contacto","status":"publish","type":"page","link":"https:\/\/dits.tech\/index.php\/contacto\/","title":{"rendered":"Contacto"},"content":{"rendered":"<p>[vc_row][vc_column][vc_empty_space height=&#8221;100px&#8221;][\/vc_column][\/vc_row][vc_row overlay_dotted=&#8221;&#8221; css=&#8221;.vc_custom_1516362671848{margin-bottom: 0px !important;padding-top: 10% !important;padding-bottom: 0px !important;}&#8221;][vc_column css=&#8221;.vc_custom_1516170689988{padding-bottom: 0px !important;}&#8221;]<div class=\"section-title-wrap unva-stitle-69e74aedb18ee cpation-center \"><h2 class=\"section-title\">Ponte en contacto con nosotros<\/h2><\/div>[\/vc_column][\/vc_row][vc_row overlay_dotted=&#8221;&#8221; css=&#8221;.vc_custom_1516170883956{margin-top: 61px !important;padding-bottom: 80px !important;}&#8221;][vc_column offset=&#8221;vc_col-lg-4 vc_col-md-4&#8243;]<div class=\"contact-item unva-address-69e74aedb1917 \"><div class=\"unva-icon\"><span class=\"pe-7s-home\"><\/span><\/div><div class=\"contact-info\"><h4 class=\"contact-title\">Vis\u00edtanos<\/h4><p>Calle 18 #103 x 25<br \/>\nColonia M\u00e9xico, C.P. 97000<br \/>\nM\u00e9rida, Yucat\u00e1n, M\u00e9xico<\/p><\/div><\/div><div class=\"contact-item unva-address-69e74aedb192a \"><div class=\"unva-icon\"><span class=\"pe-7s-call\"><\/span><\/div><div class=\"contact-info\"><h4 class=\"contact-title\">Ll\u00e1manos<\/h4><div class=\"contact-link\"><a href=\"tel: 5219992866920\">+52 1 (999) 286 6920<\/a><\/div><\/div><\/div><div class=\"contact-item unva-address-69e74aedb1937 \"><div class=\"unva-icon\"><span class=\"pe-7s-mail\"><\/span><\/div><div class=\"contact-info\"><h4 class=\"contact-title\">Escr\u00edbenos<\/h4><div class=\"contact-link\"><a href=\"mailto: info@dits.tech\">info@dits.tech<\/a><\/div><\/div><\/div>[\/vc_column][vc_column offset=&#8221;vc_col-lg-8 vc_col-md-8&#8243;]<div class=\"unva-contact-form unva-contact-69e74aedb1946\">\n<div class=\"wpcf7 no-js\" id=\"wpcf7-f32-o1\" lang=\"en-US\" dir=\"ltr\">\n<div class=\"screen-reader-response\"><p role=\"status\" aria-live=\"polite\" aria-atomic=\"true\"><\/p> <ul><\/ul><\/div>\n<form action=\"\/index.php\/wp-json\/wp\/v2\/pages\/777#wpcf7-f32-o1\" method=\"post\" class=\"wpcf7-form init\" aria-label=\"Contact form\" novalidate=\"novalidate\" data-status=\"init\">\n<div style=\"display: none;\">\n<input type=\"hidden\" name=\"_wpcf7\" value=\"32\" \/>\n<input type=\"hidden\" name=\"_wpcf7_version\" value=\"5.7.5.1\" \/>\n<input type=\"hidden\" name=\"_wpcf7_locale\" value=\"en_US\" \/>\n<input type=\"hidden\" name=\"_wpcf7_unit_tag\" value=\"wpcf7-f32-o1\" \/>\n<input type=\"hidden\" name=\"_wpcf7_container_post\" value=\"0\" \/>\n<input type=\"hidden\" name=\"_wpcf7_posted_data_hash\" value=\"\" \/>\n<\/div>\n<p><span class=\"wpcf7-form-control-wrap\" data-name=\"nameContacto\"><input size=\"40\" class=\"wpcf7-form-control wpcf7-text wpcf7-validates-as-required\" id=\"nameContacto\" aria-required=\"true\" aria-invalid=\"false\" placeholder=\"Nombre (Requerido)\" value=\"\" type=\"text\" name=\"nameContacto\" \/><\/span>\n<\/p>\n<p><span class=\"wpcf7-form-control-wrap\" data-name=\"emailContacto\"><input size=\"40\" class=\"wpcf7-form-control wpcf7-text wpcf7-email wpcf7-validates-as-required wpcf7-validates-as-email\" id=\"emailContacto\" aria-required=\"true\" aria-invalid=\"false\" placeholder=\"Email (Requerido)\" value=\"\" type=\"email\" name=\"emailContacto\" \/><\/span>\n<\/p>\n<p><span class=\"wpcf7-form-control-wrap\" data-name=\"telContacto\"><input size=\"40\" class=\"wpcf7-form-control wpcf7-text wpcf7-tel wpcf7-validates-as-required wpcf7-validates-as-tel\" id=\"telContacto\" aria-required=\"true\" aria-invalid=\"false\" placeholder=\"Tel\u00e9fono Fijo o Celular (Requerido)\" value=\"\" type=\"tel\" name=\"telContacto\" \/><\/span>\n<\/p>\n<p><span class=\"wpcf7-form-control-wrap\" data-name=\"subjectContacto\"><input size=\"40\" class=\"wpcf7-form-control wpcf7-text wpcf7-validates-as-required\" id=\"subjectContacto\" aria-required=\"true\" aria-invalid=\"false\" placeholder=\"Asunto (Requerido)\" value=\"\" type=\"text\" name=\"subjectContacto\" \/><\/span>\n<\/p>\n<p><span class=\"wpcf7-form-control-wrap\" data-name=\"messageContacto\"><textarea cols=\"40\" rows=\"10\" class=\"wpcf7-form-control wpcf7-textarea wpcf7-validates-as-required\" id=\"messageContacto\" aria-required=\"true\" aria-invalid=\"false\" placeholder=\"Mensaje\" name=\"messageContacto\"><\/textarea><\/span>\n<\/p>\n<p><input class=\"wpcf7-form-control has-spinner wpcf7-submit\" type=\"submit\" value=\"Enviar\" \/>\n<\/p><div class=\"wpcf7-response-output\" aria-hidden=\"true\"><\/div>\n<\/form>\n<\/div>\n<\/div>[\/vc_column][\/vc_row][vc_row][vc_column][vc_gmaps link=&#8221;#E-8_JTNDaWZyYW1lJTIwc3JjJTNEJTIyaHR0cHMlM0ElMkYlMkZ3d3cuZ29vZ2xlLmNvbSUyRm1hcHMlMkZlbWJlZCUzRnBiJTNEJTIxMW0xOCUyMTFtMTIlMjExbTMlMjExZDMxMzIuMTczMjc4NjM1MjQ3MiUyMTJkLTg5LjYxMjE3ODk3NzcyNTA4JTIxM2QyMS4wMDA1NDI1OTg1MjI3NTYlMjEybTMlMjExZjAlMjEyZjAlMjEzZjAlMjEzbTIlMjExaTEwMjQlMjEyaTc2OCUyMTRmMTMuMSUyMTNtMyUyMTFtMiUyMTFzMHg4ZjU2NzczMzg5Nzk4ZmY3JTI1M0EweGIyMWFkM2M3Njc4OTc0MGUlMjEyc0Rpc3J1cHRpdmUlMkJJbm5vdmF0aW9uJTJCVGVjaG5vbG9naWVzJTJCUy5BLiUyQmRlJTJCQy5WLiUyMTVlMCUyMTNtMiUyMTFzZW4lMjEyc214JTIxNHYxNTM5OTU0MTg2MDI5JTIyJTIwd2lkdGglM0QlMjI2MDAlMjIlMjBoZWlnaHQlM0QlMjI0NTAlMjIlMjBmcmFtZWJvcmRlciUzRCUyMjAlMjIlMjBzdHlsZSUzRCUyMmJvcmRlciUzQTAlMjIlMjBhbGxvd2Z1bGxzY3JlZW4lM0UlM0MlMkZpZnJhbWUlM0U=&#8221; title=&#8221;Ubicaci\u00f3n&#8221;][\/vc_column][\/vc_row]<\/p>\n","protected":false},"excerpt":{"rendered":"[vc_row][vc_column][vc_empty_space height=&#8221;100px&#8221;][\/vc_column][\/vc_row][vc_row overlay_dotted=&#8221;&#8221; css=&#8221;.vc_custom_1516362671848{margin-bottom: 0px !important;padding-top: 10% !important;padding-bottom: 0px !important;}&#8221;][vc_column css=&#8221;.vc_custom_1516170689988{padding-bottom: 0px !important;}&#8221;][\/vc_column][\/vc_row][vc_row overlay_dotted=&#8221;&#8221; css=&#8221;.vc_custom_1516170883956{margin-top: 61px !important;padding-bottom: 80px !important;}&#8221;][vc_column offset=&#8221;vc_col-lg-4 vc_col-md-4&#8243;][\/vc_column][vc_column offset=&#8221;vc_col-lg-8 vc_col-md-8&#8243;][\/vc_column][\/vc_row][vc_row][vc_column][vc_gmaps link=&#8221;#E-8_JTNDaWZyYW1lJTIwc3JjJTNEJTIyaHR0cHMlM0ElMkYlMkZ3d3cuZ29vZ2xlLmNvbSUyRm1hcHMlMkZlbWJlZCUzRnBiJTNEJTIxMW0xOCUyMTFtMTIlMjExbTMlMjExZDMxMzIuMTczMjc4NjM1MjQ3MiUyMTJkLTg5LjYxMjE3ODk3NzcyNTA4JTIxM2QyMS4wMDA1NDI1OTg1MjI3NTYlMjEybTMlMjExZjAlMjEyZjAlMjEzZjAlMjEzbTIlMjExaTEwMjQlMjEyaTc2OCUyMTRmMTMuMSUyMTNtMyUyMTFtMiUyMTFzMHg4ZjU2NzczMzg5Nzk4ZmY3JTI1M0EweGIyMWFkM2M3Njc4OTc0MGUlMjEyc0Rpc3J1cHRpdmUlMkJJbm5vdmF0aW9uJTJCVGVjaG5vbG9naWVzJTJCUy5BLiUyQmRlJTJCQy5WLiUyMTVlMCUyMTNtMiUyMTFzZW4lMjEyc214JTIxNHYxNTM5OTU0MTg2MDI5JTIyJTIwd2lkdGglM0QlMjI2MDAlMjIlMjBoZWlnaHQlM0QlMjI0NTAlMjIlMjBmcmFtZWJvcmRlciUzRCUyMjAlMjIlMjBzdHlsZSUzRCUyMmJvcmRlciUzQTAlMjIlMjBhbGxvd2Z1bGxzY3JlZW4lM0UlM0MlMkZpZnJhbWUlM0U=&#8221; title=&#8221;Ubicaci\u00f3n&#8221;][\/vc_column][\/vc_row]","protected":false},"author":1,"featured_media":0,"parent":0,"menu_order":0,"comment_status":"closed","ping_status":"closed","template":"","meta":[],"_links":{"self":[{"href":"https:\/\/dits.tech\/index.php\/wp-json\/wp\/v2\/pages\/777"}],"collection":[{"href":"https:\/\/dits.tech\/index.php\/wp-json\/wp\/v2\/pages"}],"about":[{"href":"https:\/\/dits.tech\/index.php\/wp-json\/wp\/v2\/types\/page"}],"author":[{"embeddable":true,"href":"https:\/\/dits.tech\/index.php\/wp-json\/wp\/v2\/users\/1"}],"replies":[{"embeddable":true,"href":"https:\/\/dits.tech\/index.php\/wp-json\/wp\/v2\/comments?post=777"}],"version-history":[{"count":9,"href":"https:\/\/dits.tech\/index.php\/wp-json\/wp\/v2\/pages\/777\/revisions"}],"predecessor-version":[{"id":1677,"href":"https:\/\/dits.tech\/index.php\/wp-json\/wp\/v2\/pages\/777\/revisions\/1677"}],"wp:attachment":[{"href":"https:\/\/dits.tech\/index.php\/wp-json\/wp\/v2\/media?parent=777"}],"curies":[{"name":"wp","href":"https:\/\/api.w.org\/{rel}","templated":true}]}}